{"id":113,"date":"2019-08-12T13:08:30","date_gmt":"2019-08-12T13:08:30","guid":{"rendered":"http:\/\/www.klein-aberoho.de\/?page_id=113"},"modified":"2025-08-11T11:24:56","modified_gmt":"2025-08-11T11:24:56","slug":"die-hoehepunkte-des-schuljahres-2018-2019","status":"publish","type":"page","link":"https:\/\/www.klein-aberoho.de\/?page_id=113","title":{"rendered":"H\u00f6hepunkte"},"content":{"rendered":"\n<h1 class=\"wp-block-heading\">Schuljahr 2025\/2026<\/h1>\n\n\n\n<figure class=\"wp-block-table\"><table><tbody><tr><td>09.08.2025<\/td><td>Einschulungsfeier<\/td><\/tr><tr><td><\/td><td><\/td><\/tr><tr><td>26.09.2025<\/td><td>Tag der offenen T\u00fcr<\/td><\/tr><tr><td><\/td><td><\/td><\/tr><tr><td>25.11.2025<\/td><td>Weihnachtsbasteln mit den Eltern<\/td><\/tr><tr><td>19.12.2025<\/td><td>&#8222;Die Liederm\u00fchle&#8220;<\/td><\/tr><tr><td>22.01.2026<\/td><td>Projekttag &#8222;Br\u00fccken bauen-Menschen mit Handicap&#8220;<\/td><\/tr><tr><td>05.02.2026<\/td><td>Schulsporttag im Sportforum Chemnitz<\/td><\/tr><tr><td>31.03. &#8211; 02.04.2026<\/td><td>Jugendherberge Klasse 4<\/td><\/tr><tr><td><\/td><td>Hallen-Staffel-Meeting <\/td><\/tr><tr><td>19.06.2026<\/td><td>Sommerfest der GS<\/td><\/tr><tr><td><\/td><td><\/td><\/tr><tr><td><\/td><td><\/td><\/tr><tr><td><\/td><td><\/td><\/tr><\/tbody><\/table><\/figure>\n","protected":false},"excerpt":{"rendered":"<p>Schuljahr 2025\/2026 09.08.2025 Einschulungsfeier 26.09.2025 Tag der offenen T\u00fcr 25.11.2025 Weihnachtsbasteln mit den Eltern 19.12.2025 &#8222;Die Liederm\u00fchle&#8220; 22.01.2026 Projekttag &#8222;Br\u00fccken bauen-Menschen mit Handicap&#8220; 05.02.2026 Schulsporttag im Sportforum Chemnitz 31.03. &#8211; 02.04.2026 Jugendherberge Klasse 4 Hallen-Staffel-Meeting 19.06.2026 Sommerfest der GS<\/p>\n","protected":false},"author":2,"featured_media":0,"parent":144,"menu_order":0,"comment_status":"closed","ping_status":"closed","template":"","meta":{"footnotes":""},"class_list":["post-113","page","type-page","status-publish","hentry"],"_links":{"self":[{"href":"https:\/\/www.klein-aberoho.de\/index.php?rest_route=\/wp\/v2\/pages\/113"}],"collection":[{"href":"https:\/\/www.klein-aberoho.de\/index.php?rest_route=\/wp\/v2\/pages"}],"about":[{"href":"https:\/\/www.klein-aberoho.de\/index.php?rest_route=\/wp\/v2\/types\/page"}],"author":[{"embeddable":true,"href":"https:\/\/www.klein-aberoho.de\/index.php?rest_route=\/wp\/v2\/users\/2"}],"replies":[{"embeddable":true,"href":"https:\/\/www.klein-aberoho.de\/index.php?rest_route=%2Fwp%2Fv2%2Fcomments&post=113"}],"version-history":[{"count":26,"href":"https:\/\/www.klein-aberoho.de\/index.php?rest_route=\/wp\/v2\/pages\/113\/revisions"}],"predecessor-version":[{"id":1514,"href":"https:\/\/www.klein-aberoho.de\/index.php?rest_route=\/wp\/v2\/pages\/113\/revisions\/1514"}],"up":[{"embeddable":true,"href":"https:\/\/www.klein-aberoho.de\/index.php?rest_route=\/wp\/v2\/pages\/144"}],"wp:attachment":[{"href":"https:\/\/www.klein-aberoho.de\/index.php?rest_route=%2Fwp%2Fv2%2Fmedia&parent=113"}],"curies":[{"name":"wp","href":"https:\/\/api.w.org\/{rel}","templated":true}]}}