{"id":1182,"date":"2022-09-11T14:56:01","date_gmt":"2022-09-11T14:56:01","guid":{"rendered":"https:\/\/www.klein-aberoho.de\/?page_id=1182"},"modified":"2025-08-15T06:23:38","modified_gmt":"2025-08-15T06:23:38","slug":"aktuelle-informationen","status":"publish","type":"page","link":"https:\/\/www.klein-aberoho.de\/?page_id=1182","title":{"rendered":"Aktuelle Informationen"},"content":{"rendered":"\n<p>Inkrafttreten \/ Umsetzung S\u00e4chsisches Tarnsparenzgesetz<strong> (S\u00e4chsTranspG)<\/strong><\/p>\n\n\n\n<p><strong>Transparenzhinweis<\/strong><\/p>\n\n\n\n<p>Seit 1. Januar 2023 ist das S\u00e4chsische Transparenzgesetz vom 19. August 2022 (S\u00e4chs-GVBI. S. 486) in Kraft. Es gew\u00e4hrt jeder Person ein Recht auf Zugang zu den bei einer transparenzpflichtigen Stelle im Freistaat Sachsen verf\u00fcgbaren Informationen, soweit keine Ausnahme gilt (Transparenzanspruch). Schulen sind transparenzpflichtige Stellen nur, soweit Informationen \u00fcber den Namen von Drittmittelgebern, die H\u00f6he der Drittmittel und die Laufzeit der mit Drittmitteln finanzierten abgeschlossenen Forschungsvorhaben betroffen sind.<\/p>\n\n\n\n\n\n<p><\/p>\n\n\n\n<p><em>&nbsp;&nbsp;&nbsp;&nbsp;&nbsp;&nbsp;&nbsp;&nbsp;&nbsp;&nbsp;&nbsp;&nbsp;&nbsp;&nbsp;&nbsp;&nbsp;&nbsp;&nbsp;&nbsp;&nbsp;&nbsp;&nbsp;&nbsp;&nbsp;&nbsp;&nbsp;&nbsp;&nbsp;&nbsp;&nbsp;&nbsp;&nbsp;&nbsp;&nbsp;&nbsp;&nbsp;&nbsp;&nbsp;&nbsp;&nbsp;&nbsp;&nbsp;&nbsp;&nbsp;&nbsp;&nbsp;&nbsp;&nbsp;&nbsp;&nbsp;&nbsp;&nbsp;&nbsp;&nbsp;&nbsp;&nbsp;&nbsp;&nbsp;&nbsp;&nbsp;&nbsp;&nbsp;&nbsp;&nbsp;&nbsp;&nbsp;&nbsp;&nbsp;&nbsp;&nbsp;&nbsp;&nbsp;&nbsp;&nbsp;&nbsp;&nbsp;&nbsp;&nbsp;&nbsp;&nbsp;&nbsp;&nbsp;&nbsp;&nbsp;&nbsp;&nbsp;&nbsp;&nbsp;&nbsp;&nbsp;&nbsp;&nbsp;&nbsp;&nbsp;                                                              <\/em><\/p>\n\n\n\n<p><\/p>\n\n\n\n<p><em>Chemnitz, 13.08.2025<\/em><\/p>\n\n\n\n<p><\/p>\n\n\n\n<p><\/p>\n\n\n\n<p><strong><mark style=\"background-color:rgba(0, 0, 0, 0)\" class=\"has-inline-color has-vivid-red-color\">Information zum Aufnahmeverfahren in die Klasse 1 f\u00fcr das Schuljahr 2026\/2027<\/mark><\/strong><\/p>\n\n\n\n<p>Sehr geehrte Eltern,<\/p>\n\n\n\n<p>wir freuen uns sehr, dass Sie Ihr Kind an unserer Grundschule anmelden.<\/p>\n\n\n\n<p>In den letzten Jahren hat sich gezeigt, dass die Aufnahmekapazit\u00e4t an den Grundschulen nicht immer ausreichte, um alle angemeldeten Sch\u00fcler aufnehmen zu k\u00f6nnen. Im Falle eines eintretenden Kapazit\u00e4tsengpasses werden wir auf ein bew\u00e4hrtes Auswahlverfahren zur\u00fcckgreifen.<\/p>\n\n\n\n<p>Die Auswahl der Sch\u00fclerinnen und Sch\u00fcler erfolgt auf der Grundlage sachgerechter Kriterien. Dazu legt die Schulleitung vorher die Kriterien fest.<\/p>\n\n\n\n<p>Die Rangfolge der abschlie\u00dfend verwendeten Kriterien, deren einzelfallbezogenes Vorliegen Sie bei der Anmeldung bitte mitteilen, ergibt sich wie folgt:<\/p>\n\n\n\n<p>1. Sch\u00fcler deren Schulweg zu einer anderen n\u00e4chstgelegenen und aufnahmef\u00e4higen Schule unzumutbar w\u00e4re,<\/p>\n\n\n\n<p>2. Sch\u00fcler mit sonderp\u00e4dagogischem F\u00f6rderbedarf, soweit die Inklusionsbedingungen an der Schule erf\u00fcllt werden,<\/p>\n\n\n\n<p>3. Geschwister von Sch\u00fclern, die auch im der Anmeldung folgenden Schuljahr diese Schule besuchen werden,<\/p>\n\n\n\n<p>4. Dauer des Schulweges (ausschlaggebend ist die Wegedauer vom Hauptwohnsitz aus); die Wegedauer ergibt sich f\u00fcr fu\u00dfl\u00e4ufige Sch\u00fcler aus der \u00fcber ein \u00f6ffentlich zug\u00e4ngliches Entfernungsermittlungstool (z. B. Google Maps) zu ermittelnden Wegstrecke, f\u00fcr deren Bew\u00e4ltigung drei Minuten je 200 Metern anzusetzen sind, und f\u00fcr Fahrsch\u00fcler, f\u00fcr die gem\u00e4\u00df der Satzung des zust\u00e4ndigen Verkehrsverbundes Anspruch auf eine erstattungsf\u00e4hige Sch\u00fclerbef\u00f6rderung besteht bzw. &#8211; soweit Letztere keine sog. Mindestentfernungen regelt &#8211; f\u00fcr die gem\u00e4\u00df Ziffer 3.1 der Gemeinsamen Verwaltungsvorschrift des S\u00e4chsischen Staatsministeriums f\u00fcr Kultus, des S\u00e4chsischen Staatsministeriums des Innern und des S\u00e4chsischen Staatsministeriums f\u00fcr Wirtschaft und Arbeit zur Schulwegsicherung und Bef\u00f6rderung von Sch\u00fclern von einem unzumutbaren fu\u00dfl\u00e4ufigen Schulweg ausgegangen wird, \u00fcber das Fahrplantool des zust\u00e4ndigen Verkehrsverbundes <em>(Hinweis: Das Portal \u201eKurzer Schulweg\u201c kann optional genutzt werden.)<\/em>,<\/p>\n\n\n\n<p>5.&nbsp; Zufallsprinzip (Losverfahren, dieses kommt nur zur Anwendung, sofern an der Kapazit\u00e4tsgrenze mehrere Anmeldungen mit identischen Voraussetzungen vorliegen).<\/p>\n\n\n\n<p>Vor Beginn des kriterienbezogenen Aufnahmeverfahrens wird gepr\u00fcft, f\u00fcr welche Kinder eine<\/p>\n\n\n\n<p>Ablehnung eine unzumutbare H\u00e4rte bedeuten w\u00fcrde. Diese Kinder nehmen nicht am Aufnahmeverfahren teil, sondern werden vorab aufgenommen.<\/p>\n\n\n\n<p>Die Entscheidung \u00fcber das Vorliegen einer besonderen eng umgrenzten H\u00e4rtesituation wird einzelfallbezogen getroffen.<\/p>\n\n\n\n<p>Sofern Ihr Kind nach Abschluss des Aufnahmeverfahrens nicht an unserer Schule aufgenommen werden kann, erfolgt eine Umlenkung an eine andere Schule.<\/p>\n\n\n\n<p>Sie erhalten dann zeitgleich mit unserer Ablehnung von dort eine Aufnahmebest\u00e4tigung. Die Anmeldeunterlagen werden von uns an die aufnehmende Schule versendet, so dass Sie Ihr Kind nicht noch einmal anmelden m\u00fcssen.<\/p>\n\n\n\n<p>Falls nach Abschluss des Aufnahmeverfahrens wieder Pl\u00e4tze an unserer Schule frei werden, wird ein Nachr\u00fcckverfahren durchgef\u00fchrt. Abgelehnte Kinder erhalten einen Platz auf der Nachr\u00fcckerliste. Dieser Platz wird Ihnen im Ablehnungsbescheid auch mitgeteilt. Zur Teilnahme am Nachr\u00fcckverfahren gen\u00fcgt ein formloser Antrag.<\/p>\n\n\n\n<p>Zur F\u00f6rderung der Integration f\u00fcr Sch\u00fcler, deren Herkunftssprache nicht oder nicht ausschlie\u00dflich Deutsch ist, kann die Schulaufsichtsbeh\u00f6rde gem\u00e4\u00df \u00a7 25 Abs. 6 S\u00e4chsSchulG den Ort der schulischen Integration festlegen.<\/p>\n\n\n\n<p>Mit freundlichen Gr\u00fc\u00dfen<\/p>\n\n\n\n<p>Simone Uhlig&nbsp;<\/p>\n\n\n\n<p>amt. Schulleiterin<\/p>\n\n\n\n<h2 class=\"wp-block-heading\">LernSax Anleitung Eltern<\/h2>\n\n\n\n<p><\/p>\n\n\n\n<p><\/p>\n\n\n\n<div data-wp-interactive=\"core\/file\" class=\"wp-block-file\"><object data-wp-bind--hidden=\"!state.hasPdfPreview\"  class=\"wp-block-file__embed\" data=\"https:\/\/www.klein-aberoho.de\/wp-content\/uploads\/2025\/08\/Lernsax-Anleitung-Eltern.pdf\" type=\"application\/pdf\" style=\"width:100%;height:600px\" aria-label=\"Einbettung von Lernsax-Anleitung-Eltern.\"><\/object><a id=\"wp-block-file--media-86f5af85-af81-40da-909b-b0ff169bccdc\" href=\"https:\/\/www.klein-aberoho.de\/wp-content\/uploads\/2025\/08\/Lernsax-Anleitung-Eltern.pdf\">Lernsax-Anleitung-Eltern<\/a><a href=\"https:\/\/www.klein-aberoho.de\/wp-content\/uploads\/2025\/08\/Lernsax-Anleitung-Eltern.pdf\" class=\"wp-block-file__button wp-element-button\" download aria-describedby=\"wp-block-file--media-86f5af85-af81-40da-909b-b0ff169bccdc\">Herunterladen<\/a><\/div>\n\n\n\n<h2 class=\"wp-block-heading\"><\/h2>\n\n\n\n<p><\/p>\n","protected":false},"excerpt":{"rendered":"<p>Inkrafttreten \/ Umsetzung S\u00e4chsisches Tarnsparenzgesetz (S\u00e4chsTranspG) Transparenzhinweis Seit 1. Januar 2023 ist das S\u00e4chsische Transparenzgesetz vom 19. August 2022 (S\u00e4chs-GVBI. S. 486) in Kraft. Es gew\u00e4hrt jeder Person ein Recht auf Zugang zu den bei einer transparenzpflichtigen Stelle im Freistaat Sachsen verf\u00fcgbaren Informationen, soweit keine Ausnahme gilt (Transparenzanspruch). Schulen sind transparenzpflichtige Stellen nur, soweit Informationen&hellip;<\/p>\n","protected":false},"author":2,"featured_media":0,"parent":144,"menu_order":4,"comment_status":"closed","ping_status":"closed","template":"","meta":{"footnotes":""},"class_list":["post-1182","page","type-page","status-publish","hentry"],"_links":{"self":[{"href":"https:\/\/www.klein-aberoho.de\/index.php?rest_route=\/wp\/v2\/pages\/1182"}],"collection":[{"href":"https:\/\/www.klein-aberoho.de\/index.php?rest_route=\/wp\/v2\/pages"}],"about":[{"href":"https:\/\/www.klein-aberoho.de\/index.php?rest_route=\/wp\/v2\/types\/page"}],"author":[{"embeddable":true,"href":"https:\/\/www.klein-aberoho.de\/index.php?rest_route=\/wp\/v2\/users\/2"}],"replies":[{"embeddable":true,"href":"https:\/\/www.klein-aberoho.de\/index.php?rest_route=%2Fwp%2Fv2%2Fcomments&post=1182"}],"version-history":[{"count":37,"href":"https:\/\/www.klein-aberoho.de\/index.php?rest_route=\/wp\/v2\/pages\/1182\/revisions"}],"predecessor-version":[{"id":1535,"href":"https:\/\/www.klein-aberoho.de\/index.php?rest_route=\/wp\/v2\/pages\/1182\/revisions\/1535"}],"up":[{"embeddable":true,"href":"https:\/\/www.klein-aberoho.de\/index.php?rest_route=\/wp\/v2\/pages\/144"}],"wp:attachment":[{"href":"https:\/\/www.klein-aberoho.de\/index.php?rest_route=%2Fwp%2Fv2%2Fmedia&parent=1182"}],"curies":[{"name":"wp","href":"https:\/\/api.w.org\/{rel}","templated":true}]}}