{"id":153,"date":"2019-08-12T13:45:17","date_gmt":"2019-08-12T13:45:17","guid":{"rendered":"http:\/\/www.klein-aberoho.de\/?page_id=153"},"modified":"2019-08-12T13:45:34","modified_gmt":"2019-08-12T13:45:34","slug":"buergerverein","status":"publish","type":"page","link":"https:\/\/www.klein-aberoho.de\/?page_id=153","title":{"rendered":"B\u00fcrgerverein"},"content":{"rendered":"\n<h1 class=\"wp-block-heading\">Der B\u00fcrgerverein Kleinolbersdorf-Altenhain e.V.<\/h1>\n\n\n\n<figure class=\"wp-block-image\"><img loading=\"lazy\" decoding=\"async\" width=\"300\" height=\"53\" src=\"https:\/\/www.klein-aberoho.de\/wp-content\/uploads\/2019\/08\/csm_Buergerverein_KleinHain_cffd325494.jpg\" alt=\"\" class=\"wp-image-154\"\/><\/figure>\n\n\n\n<p>Der B\u00fcrgerverein  Kleinolbersdorf-Altenhain e.V. ist ein gemeinn\u00fctziger Verein, der aus  einer Initiative von Eltern entstanden ist, die schon vor mehr als zehn  Jahren f\u00fcr die Einschulung ihrer Kinder in die hiesige Schule gek\u00e4mpft  haben. Seitdem hat der B\u00fcrgerverein zahlreiche Aktionen zum Erhalt der  Schule unternommen. Heute unterst\u00fctzt der Verein alle Sch\u00fcler und die  Lehrer der Grundschule vor allem finanziell zum Beispiel durch den Kauf  von Lernmaterial, Wartung und Unterhaltung des Kopierers und einen  Zuschuss zur Abschlussfahrt der Klasse 4. Au\u00dferdem vergibt der  B\u00fcrgerverein jedes Jahr Avanti-Preise f\u00fcr die Klassenbesten bzw. die  Sch\u00fcler, die sich am meisten verbessert haben( Urkunde und  B\u00fcchergutscheine ). F\u00fcr besonderes Engagement f\u00fcr den Ortsteil  Kleinolbersdorf-Altenhain und\/oder die Schule wird zus\u00e4tzlich ein  attraktiver Merito-Preis ausgelobt. Neben der Schule f\u00f6rdert der Verein  auch den Kindergarten.<\/p>\n\n\n\n<p>Wer  mehr Informationen zum Verein erhalten und\/oder Mitglied werden m\u00f6chte (12 EUR Jahresbeitrag\/Familie), kann sich gern auf unserer Homepage\u00a0<a href=\"http:\/\/www.bv-kleinolbersdorf.de\">www.bv-kleinolbersdorf.de<\/a>\u00a0umschauen und mit uns Kontakt aufnehmen. \u00a0 \u00a0<\/p>\n\n\n\n<p>Wir freuen uns \u00fcber Spenden.\n<\/p>\n\n\n\n<p> <strong>B\u00fcrgerverein Kleinolbersdorf-Altenhain e.V.&nbsp;<\/strong> <\/p>\n\n\n\n<p> <strong>IBAN DE76 8708 0000 0607 8977 00<\/strong> <\/p>\n\n\n\n<p> <strong>Commerzbank<\/strong> <\/p>\n\n\n\n<p>Eine Spendenbescheinigung wird auf Wunsch gern ausgestellt. <\/p>\n","protected":false},"excerpt":{"rendered":"<p>Der B\u00fcrgerverein Kleinolbersdorf-Altenhain e.V. Der B\u00fcrgerverein Kleinolbersdorf-Altenhain e.V. ist ein gemeinn\u00fctziger Verein, der aus einer Initiative von Eltern entstanden ist, die schon vor mehr als zehn Jahren f\u00fcr die Einschulung ihrer Kinder in die hiesige Schule gek\u00e4mpft haben. Seitdem hat der B\u00fcrgerverein zahlreiche Aktionen zum Erhalt der Schule unternommen. Heute unterst\u00fctzt der Verein alle Sch\u00fcler&hellip;<\/p>\n","protected":false},"author":2,"featured_media":0,"parent":151,"menu_order":0,"comment_status":"closed","ping_status":"closed","template":"","meta":{"footnotes":""},"class_list":["post-153","page","type-page","status-publish","hentry"],"_links":{"self":[{"href":"https:\/\/www.klein-aberoho.de\/index.php?rest_route=\/wp\/v2\/pages\/153"}],"collection":[{"href":"https:\/\/www.klein-aberoho.de\/index.php?rest_route=\/wp\/v2\/pages"}],"about":[{"href":"https:\/\/www.klein-aberoho.de\/index.php?rest_route=\/wp\/v2\/types\/page"}],"author":[{"embeddable":true,"href":"https:\/\/www.klein-aberoho.de\/index.php?rest_route=\/wp\/v2\/users\/2"}],"replies":[{"embeddable":true,"href":"https:\/\/www.klein-aberoho.de\/index.php?rest_route=%2Fwp%2Fv2%2Fcomments&post=153"}],"version-history":[{"count":1,"href":"https:\/\/www.klein-aberoho.de\/index.php?rest_route=\/wp\/v2\/pages\/153\/revisions"}],"predecessor-version":[{"id":155,"href":"https:\/\/www.klein-aberoho.de\/index.php?rest_route=\/wp\/v2\/pages\/153\/revisions\/155"}],"up":[{"embeddable":true,"href":"https:\/\/www.klein-aberoho.de\/index.php?rest_route=\/wp\/v2\/pages\/151"}],"wp:attachment":[{"href":"https:\/\/www.klein-aberoho.de\/index.php?rest_route=%2Fwp%2Fv2%2Fmedia&parent=153"}],"curies":[{"name":"wp","href":"https:\/\/api.w.org\/{rel}","templated":true}]}}