{"id":158,"date":"2019-08-12T13:48:30","date_gmt":"2019-08-12T13:48:30","guid":{"rendered":"http:\/\/www.klein-aberoho.de\/?page_id=158"},"modified":"2019-08-12T13:48:30","modified_gmt":"2019-08-12T13:48:30","slug":"impressum","status":"publish","type":"page","link":"https:\/\/www.klein-aberoho.de\/?page_id=158","title":{"rendered":"Impressum"},"content":{"rendered":"\n<h2 class=\"wp-block-heading\">Tr\u00e4gerschaft<\/h2>\n\n\n\n<p>Die Grundschule Kleinolbersdorf ist eine Einrichtung der Stadt Chemnitz.\n<\/p>\n\n\n\n<h2 class=\"wp-block-heading\">Leitung<\/h2>\n\n\n\n<p>Frau S. Uhlig &#8211; Schulleiterin\n<\/p>\n\n\n\n<h2 class=\"wp-block-heading\">Anschrift<\/h2>\n\n\n\n<p>Grundschule Kleinolbersdorf<br>Ferdinandstra\u00dfe 97<br>09128 Chemnitz<br><br>Telefon:<br>0371\/772322<br><br>Fax:<br>0371\/7741893<br><br>E-Mail:<br><a href=\"Fax:\">gs-kleinolbersdorf@schulen-chemnitz.de<\/a>\n<\/p>\n\n\n\n<h2 class=\"wp-block-heading\">Verantwortliche im Sinne des \u00a755 Abs. 2 RStV<\/h2>\n\n\n\n<p>Frau S. Uhlig\n<\/p>\n\n\n\n<h2 class=\"wp-block-heading\">Rechtliche Hinweise &amp; Disclaimer<\/h2>\n\n\n\n<p>1.Haftungsbeschr\u00e4nkung<br>Die Inhalte dieser Website werden mit  gr\u00f6\u00dftm\u00f6glicher Sorgfalt erstellt. Der Anbieter \u00fcbernimmt jedoch keine  Gew\u00e4hr f\u00fcr die Richtigkeit, Vollst\u00e4ndigkeit und Aktualit\u00e4t der  bereitgestellten Inhalte.<br><br>2.Externe Links<br>Diese Website kann  Verkn\u00fcpfungen zu Websites Dritter (&#8222;externe Links&#8220;) enthalten. Diese  Websites unterliegen der Haftung der jeweiligen Betreiber. Der Anbieter  hat keinerlei Einfluss auf die aktuelle und zuk\u00fcnftige Gestaltung und  auf die Inhalte der verkn\u00fcpften Seiten. Eine st\u00e4ndige Kontrolle der  externen Links ist f\u00fcr den Anbieter ohne konkrete Hinweise auf  Rechtsverst\u00f6\u00dfe nicht zumutbar. Bei Kenntnis von Rechtsverst\u00f6\u00dfen werden  jedoch derartige externe Links unverz\u00fcglich gel\u00f6scht.<br><br>3.Urheber- und Leistungsschutzrechte<br>Die  auf dieser Website ver\u00f6ffentlichten Inhalte unterliegen dem deutschen  Urheber- und Leistungsschutzrecht. Jede vom deutschen Urheber- und  Leistungsschutzrecht nicht zugelassene Verwertung bedarf der vorherigen  schriftlichen Zustimmung des Anbieters. Die Darstellung dieser Website  in fremden Frames ist nur mit schriftlicher Erlaubnis zul\u00e4ssig.<\/p>\n","protected":false},"excerpt":{"rendered":"<p>Tr\u00e4gerschaft Die Grundschule Kleinolbersdorf ist eine Einrichtung der Stadt Chemnitz. Leitung Frau S. Uhlig &#8211; Schulleiterin Anschrift Grundschule KleinolbersdorfFerdinandstra\u00dfe 9709128 Chemnitz Telefon:0371\/772322 Fax:0371\/7741893 E-Mail:gs-kleinolbersdorf@schulen-chemnitz.de Verantwortliche im Sinne des \u00a755 Abs. 2 RStV Frau S. Uhlig Rechtliche Hinweise &amp; Disclaimer 1.Haftungsbeschr\u00e4nkungDie Inhalte dieser Website werden mit gr\u00f6\u00dftm\u00f6glicher Sorgfalt erstellt. Der Anbieter \u00fcbernimmt jedoch keine Gew\u00e4hr f\u00fcr&hellip;<\/p>\n","protected":false},"author":2,"featured_media":0,"parent":0,"menu_order":0,"comment_status":"closed","ping_status":"closed","template":"","meta":{"footnotes":""},"class_list":["post-158","page","type-page","status-publish","hentry"],"_links":{"self":[{"href":"https:\/\/www.klein-aberoho.de\/index.php?rest_route=\/wp\/v2\/pages\/158"}],"collection":[{"href":"https:\/\/www.klein-aberoho.de\/index.php?rest_route=\/wp\/v2\/pages"}],"about":[{"href":"https:\/\/www.klein-aberoho.de\/index.php?rest_route=\/wp\/v2\/types\/page"}],"author":[{"embeddable":true,"href":"https:\/\/www.klein-aberoho.de\/index.php?rest_route=\/wp\/v2\/users\/2"}],"replies":[{"embeddable":true,"href":"https:\/\/www.klein-aberoho.de\/index.php?rest_route=%2Fwp%2Fv2%2Fcomments&post=158"}],"version-history":[{"count":1,"href":"https:\/\/www.klein-aberoho.de\/index.php?rest_route=\/wp\/v2\/pages\/158\/revisions"}],"predecessor-version":[{"id":159,"href":"https:\/\/www.klein-aberoho.de\/index.php?rest_route=\/wp\/v2\/pages\/158\/revisions\/159"}],"wp:attachment":[{"href":"https:\/\/www.klein-aberoho.de\/index.php?rest_route=%2Fwp%2Fv2%2Fmedia&parent=158"}],"curies":[{"name":"wp","href":"https:\/\/api.w.org\/{rel}","templated":true}]}}