{"id":160,"date":"2019-08-12T13:51:32","date_gmt":"2019-08-12T13:51:32","guid":{"rendered":"http:\/\/www.klein-aberoho.de\/?page_id=160"},"modified":"2022-01-11T16:40:13","modified_gmt":"2022-01-11T16:40:13","slug":"datenschutzerklaerung","status":"publish","type":"page","link":"https:\/\/www.klein-aberoho.de\/?page_id=160","title":{"rendered":"Datenschutzerkl\u00e4rung"},"content":{"rendered":"\n<p><strong>Allgemeiner Hinweis und Pflichtinformationen<\/strong>\n<\/p>\n\n\n\n<p><strong>Benennung der verantwortlichen Stelle<\/strong>\n<\/p>\n\n\n\n<p>Die verantwortliche Stelle f\u00fcr die Datenverarbeitung auf dieser Website ist:\n<\/p>\n\n\n\n<p>Grundschule Kleinolbersdorf<br>Ferdinandstra\u00dfe 97<br>09128 Chemnitz <\/p>\n\n\n\n<p>Die verantwortliche Stelle entscheidet allein oder gemeinsam mit  \nanderen \u00fcber die Zwecke und Mittel der Verarbeitung von  \npersonenbezogenen Daten (z.B. Namen, Kontaktdaten o. \u00c4.).\n<\/p>\n\n\n\n<p><strong>Widerruf Ihrer Einwilligung zur Datenverarbeitung<\/strong>\n<\/p>\n\n\n\n<p>Nur mit Ihrer ausdr\u00fccklichen Einwilligung sind einige Vorg\u00e4nge der  \nDatenverarbeitung m\u00f6glich. Ein Widerruf Ihrer bereits erteilten  \nEinwilligung ist jederzeit m\u00f6glich. F\u00fcr den Widerruf gen\u00fcgt eine  \nformlose Mitteilung per E-Mail. Die Rechtm\u00e4\u00dfigkeit der bis zum Widerruf \n erfolgten Datenverarbeitung bleibt vom Widerruf unber\u00fchrt.\n<\/p>\n\n\n\n<p><strong>Recht auf Beschwerde bei der zust\u00e4ndigen Aufsichtsbeh\u00f6rde<\/strong>\n<\/p>\n\n\n\n<p>Als Betroffener steht Ihnen im Falle eines datenschutzrechtlichen  \nVersto\u00dfes ein Beschwerderecht bei der zust\u00e4ndigen Aufsichtsbeh\u00f6rde zu.  \nZust\u00e4ndige Aufsichtsbeh\u00f6rde bez\u00fcglich datenschutzrechtlicher Fragen ist \n der Landesdatenschutzbeauftragte des Bundeslandes, in dem sich der Sitz\n  unseres Unternehmens befindet. Der folgende Link stellt eine Liste der\n  Datenschutzbeauftragten sowie deren Kontaktdaten bereit: <a href=\"https:\/\/www.bfdi.bund.de\/DE\/Infothek\/Anschriften_Links\/anschriften_links-node.html\" target=\"_blank\" rel=\"noreferrer noopener\">https:\/\/www.bfdi.bund.de\/DE\/Infothek\/Anschriften_Links\/anschriften_links-node.html<\/a>.\n<\/p>\n\n\n\n<p><strong>Recht auf Daten\u00fcbertragbarkeit<\/strong>\n<\/p>\n\n\n\n<p>Ihnen steht das Recht zu, Daten, die wir auf Grundlage Ihrer  \nEinwilligung oder in Erf\u00fcllung eines Vertrags automatisiert verarbeiten,\n  an sich oder an Dritte aush\u00e4ndigen zu lassen. Die Bereitstellung  \nerfolgt in einem maschinenlesbaren Format. Sofern Sie die direkte  \n\u00dcbertragung der Daten an einen anderen Verantwortlichen verlangen,  \nerfolgt dies nur, soweit es technisch machbar ist.\n<\/p>\n\n\n\n<p><strong>Recht auf Auskunft, Berichtigung, Sperrung, L\u00f6schung<\/strong>\n<\/p>\n\n\n\n<p>Sie haben jederzeit im Rahmen der geltenden gesetzlichen Bestimmungen\n  das Recht auf unentgeltliche Auskunft \u00fcber Ihre gespeicherten  \npersonenbezogenen Daten, Herkunft der Daten, deren Empf\u00e4nger und den  \nZweck der Datenverarbeitung und ggf. ein Recht auf Berichtigung,  \nSperrung oder L\u00f6schung dieser Daten. Diesbez\u00fcglich und auch zu weiteren \n Fragen zum Thema personenbezogene Daten k\u00f6nnen Sie sich jederzeit \u00fcber \n die im Impressum aufgef\u00fchrten Kontaktm\u00f6glichkeiten an uns wenden.\n<\/p>\n\n\n\n<p><strong>SSL- bzw. TLS-Verschl\u00fcsselung<\/strong>\n<\/p>\n\n\n\n<p>Aus Sicherheitsgr\u00fcnden und zum Schutz der \u00dcbertragung vertraulicher  \nInhalte, die Sie an uns als Seitenbetreiber senden, nutzt unsere Website\n  eine SSL-bzw. TLS-Verschl\u00fcsselung. Damit sind Daten, die Sie \u00fcber \ndiese  Website \u00fcbermitteln, f\u00fcr Dritte nicht mitlesbar. Sie erkennen \neine  verschl\u00fcsselte Verbindung an der \u201ehttps:\/\/\u201c Adresszeile Ihres \nBrowsers  und am Schloss-Symbol in der Browserzeile.<\/p>\n\n\n\n<p><strong>Server-Log-Dateien<\/strong>\n<\/p>\n\n\n\n<p>In Server-Log-Dateien erhebt und speichert der Provider der Website  \nautomatisch Informationen, die Ihr Browser automatisch an uns  \n\u00fcbermittelt. Dies sind:<\/p>\n\n\n\n<ul class=\"wp-block-list\"><li>Browsertyp und Browserversion<\/li><li>Verwendetes Betriebssystem<\/li><li>Referrer URL<\/li><li>Hostname des zugreifenden Rechners<\/li><li>Uhrzeit der Serveranfrage<\/li><li>IP-Adresse<\/li><\/ul>\n\n\n\n<p>Es\n findet keine Zusammenf\u00fchrung dieser Daten mit anderen Datenquellen  \nstatt. Grundlage der Datenverarbeitung bildet Art. 6 Abs. 1 lit. b  \nDSGVO, der die Verarbeitung von Daten zur Erf\u00fcllung eines Vertrags oder \n vorvertraglicher Ma\u00dfnahmen gestattet.<\/p>\n\n\n\n<p><strong>Kontaktformular<\/strong>\n<\/p>\n\n\n\n<p>Per Kontaktformular \u00fcbermittelte Daten werden einschlie\u00dflich Ihrer  \nKontaktdaten gespeichert, um Ihre Anfrage bearbeiten zu k\u00f6nnen oder um  \nf\u00fcr Anschlussfragen bereitzustehen. Eine Weitergabe dieser Daten findet \n ohne Ihre Einwilligung nicht statt.\n<\/p>\n\n\n\n<p>Die Verarbeitung der in das Kontaktformular eingegebenen Daten  \nerfolgt ausschlie\u00dflich auf Grundlage Ihrer Einwilligung (Art. 6 Abs. 1  \nlit. a DSGVO). Ein Widerruf Ihrer bereits erteilten Einwilligung ist  \njederzeit m\u00f6glich. F\u00fcr den Widerruf gen\u00fcgt eine formlose Mitteilung per \n E-Mail. Die Rechtm\u00e4\u00dfigkeit der bis zum Widerruf erfolgten  \nDatenverarbeitungsvorg\u00e4nge bleibt vom Widerruf unber\u00fchrt.\n<\/p>\n\n\n\n<p>\u00dcber das Kontaktformular \u00fcbermittelte Daten verbleiben bei uns, bis  \nSie uns zur L\u00f6schung auffordern, Ihre Einwilligung zur Speicherung  \nwiderrufen oder keine Notwendigkeit der Datenspeicherung mehr besteht.  \nZwingende gesetzliche Bestimmungen &#8211; insbesondere Aufbewahrungsfristen &#8211;\n  bleiben unber\u00fchrt.<\/p>\n\n\n\n<p><strong>Cookies<\/strong>\n<\/p>\n\n\n\n<p>Unsere Website verwendet Cookies. Das sind kleine Textdateien, die  \nIhr Webbrowser auf Ihrem Endger\u00e4t speichert. Cookies helfen uns dabei,  \nunser Angebot nutzerfreundlicher, effektiver und sicherer zu machen. \n<\/p>\n\n\n\n<p>Einige Cookies sind \u201cSession-Cookies.\u201d Solche Cookies werden nach  \nEnde Ihrer Browser-Sitzung von selbst gel\u00f6scht. Hingegen bleiben andere \n Cookies auf Ihrem Endger\u00e4t bestehen, bis Sie diese selbst l\u00f6schen.  \nSolche Cookies helfen uns, Sie bei R\u00fcckkehr auf \tunserer Website \nwiederzuerkennen.\n<\/p>\n\n\n\n<p>Mit einem modernen Webbrowser k\u00f6nnen Sie das Setzen von Cookies  \n\u00fcberwachen, einschr\u00e4nken oder unterbinden. Viele Webbrowser lassen sich \n so konfigurieren, dass Cookies mit dem Schlie\u00dfen des Programms von  \nselbst gel\u00f6scht werden. Die Deaktivierung von Cookies \tkann eine \neingeschr\u00e4nkte Funktionalit\u00e4t unserer Website zur Folge  haben.\n<\/p>\n\n\n\n<p>Das Setzen von Cookies, die zur Aus\u00fcbung elektronischer  \nKommunikationsvorg\u00e4nge oder der Bereitstellung bestimmter, von Ihnen  \nerw\u00fcnschter Funktionen (z.B. Warenkorb) notwendig sind, erfolgt auf  \nGrundlage von Art. 6 Abs. 1 lit. f DSGVO. Als Betreiber dieser \tWebsite \nhaben wir ein berechtigtes Interesse an der Speicherung von  Cookies zur\n technisch fehlerfreien und reibungslosen Bereitstellung  unserer \nDienste. Sofern die Setzung anderer Cookies (z.B. f\u00fcr  \nAnalyse-Funktionen) erfolgt, werden diese in dieser \t\nDatenschutzerkl\u00e4rung separat behandelt.<\/p>\n\n\n\n<p>Quelle: Datenschutz-Konfigurator von <a href=\"http:\/\/www.mein-datenschutzbeauftragter.de\" target=\"_blank\" rel=\"noreferrer noopener\">mein-datenschutzbeauftragter.de<\/a><\/p>\n","protected":false},"excerpt":{"rendered":"<p>Allgemeiner Hinweis und Pflichtinformationen Benennung der verantwortlichen Stelle Die verantwortliche Stelle f\u00fcr die Datenverarbeitung auf dieser Website ist: Grundschule KleinolbersdorfFerdinandstra\u00dfe 9709128 Chemnitz Die verantwortliche Stelle entscheidet allein oder gemeinsam mit anderen \u00fcber die Zwecke und Mittel der Verarbeitung von personenbezogenen Daten (z.B. Namen, Kontaktdaten o. \u00c4.). Widerruf Ihrer Einwilligung zur Datenverarbeitung Nur mit Ihrer ausdr\u00fccklichen&hellip;<\/p>\n","protected":false},"author":2,"featured_media":0,"parent":0,"menu_order":0,"comment_status":"closed","ping_status":"closed","template":"","meta":{"footnotes":""},"class_list":["post-160","page","type-page","status-publish","hentry"],"_links":{"self":[{"href":"https:\/\/www.klein-aberoho.de\/index.php?rest_route=\/wp\/v2\/pages\/160"}],"collection":[{"href":"https:\/\/www.klein-aberoho.de\/index.php?rest_route=\/wp\/v2\/pages"}],"about":[{"href":"https:\/\/www.klein-aberoho.de\/index.php?rest_route=\/wp\/v2\/types\/page"}],"author":[{"embeddable":true,"href":"https:\/\/www.klein-aberoho.de\/index.php?rest_route=\/wp\/v2\/users\/2"}],"replies":[{"embeddable":true,"href":"https:\/\/www.klein-aberoho.de\/index.php?rest_route=%2Fwp%2Fv2%2Fcomments&post=160"}],"version-history":[{"count":2,"href":"https:\/\/www.klein-aberoho.de\/index.php?rest_route=\/wp\/v2\/pages\/160\/revisions"}],"predecessor-version":[{"id":1026,"href":"https:\/\/www.klein-aberoho.de\/index.php?rest_route=\/wp\/v2\/pages\/160\/revisions\/1026"}],"wp:attachment":[{"href":"https:\/\/www.klein-aberoho.de\/index.php?rest_route=%2Fwp%2Fv2%2Fmedia&parent=160"}],"curies":[{"name":"wp","href":"https:\/\/api.w.org\/{rel}","templated":true}]}}